{"id":259,"date":"2012-10-14T12:19:09","date_gmt":"2012-10-14T10:19:09","guid":{"rendered":"http:\/\/santacruzcf.es\/?page_id=259"},"modified":"2024-06-10T10:02:51","modified_gmt":"2024-06-10T08:02:51","slug":"categorias-inferiores","status":"publish","type":"page","link":"https:\/\/santacruzcf.es\/?page_id=259","title":{"rendered":"Categor\u00edas Inferiores"},"content":{"rendered":"<p><strong>Escuela de iniciaci\u00f3n<\/strong> (3-5 a\u00f1os)<br \/>\n<strong>Prebenjamines<\/strong> (6-7 a\u00f1os)<br \/>\n<strong>Benjamines<\/strong> (8-9 a\u00f1os)<br \/>\n<strong>Alevines<\/strong> (10-11 a\u00f1os)<br \/>\n<strong>Infantiles<\/strong> (12-13 a\u00f1os)<br \/>\n<strong>Cadetes<\/strong> (14-15 a\u00f1os)<br \/>\n<strong>Juveniles<\/strong> (16-18 a\u00f1os)<\/p>\n<p><strong>Campo de f\u00fatbol Leonardo Maceira<\/strong><br \/>\n<iframe loading=\"lazy\" style=\"border: 0;\" src=\"https:\/\/www.google.com\/maps\/embed?pb=!1m18!1m12!1m3!1d2902.0052846794547!2d-8.335607384512555!3d43.33507847913347!2m3!1f0!2f0!3f0!3m2!1i1024!2i768!4f13.1!3m3!1m2!1s0xd2e7acae00bd04d%3A0x1cb8031a40bd2f6e!2sCampo+de+F%C3%BAtbol+de+Os+Regos%2C+Oleiros%2C+A+Coru%C3%B1a!5e0!3m2!1ses!2ses!4v1535473655994\" width=\"400\" height=\"300\" frameborder=\"0\" allowfullscreen=\"allowfullscreen\"><\/iframe><\/p>\n<p>Tambi\u00e9n podr\u00e9is poneros en contacto mediante el correo electr\u00f3nico\u00a0<strong>info@santacruzcf.es<\/strong>.<\/p>\n","protected":false},"excerpt":{"rendered":"<p>Escuela de iniciaci\u00f3n (3-5 a\u00f1os) Prebenjamines (6-7 a\u00f1os) Benjamines (8-9 a\u00f1os) Alevines (10-11 a\u00f1os) Infantiles (12-13 a\u00f1os) Cadetes (14-15 a\u00f1os) [&hellip;]<\/p>\n","protected":false},"author":1,"featured_media":0,"parent":0,"menu_order":0,"comment_status":"closed","ping_status":"closed","template":"","meta":{"footnotes":""},"_links":{"self":[{"href":"https:\/\/santacruzcf.es\/index.php?rest_route=\/wp\/v2\/pages\/259"}],"collection":[{"href":"https:\/\/santacruzcf.es\/index.php?rest_route=\/wp\/v2\/pages"}],"about":[{"href":"https:\/\/santacruzcf.es\/index.php?rest_route=\/wp\/v2\/types\/page"}],"author":[{"embeddable":true,"href":"https:\/\/santacruzcf.es\/index.php?rest_route=\/wp\/v2\/users\/1"}],"replies":[{"embeddable":true,"href":"https:\/\/santacruzcf.es\/index.php?rest_route=%2Fwp%2Fv2%2Fcomments&post=259"}],"version-history":[{"count":58,"href":"https:\/\/santacruzcf.es\/index.php?rest_route=\/wp\/v2\/pages\/259\/revisions"}],"predecessor-version":[{"id":4498,"href":"https:\/\/santacruzcf.es\/index.php?rest_route=\/wp\/v2\/pages\/259\/revisions\/4498"}],"wp:attachment":[{"href":"https:\/\/santacruzcf.es\/index.php?rest_route=%2Fwp%2Fv2%2Fmedia&parent=259"}],"curies":[{"name":"wp","href":"https:\/\/api.w.org\/{rel}","templated":true}]}}