{"id":32,"date":"2012-09-20T16:27:56","date_gmt":"2012-09-20T16:27:56","guid":{"rendered":"http:\/\/santacruzcf.es\/proyecto\/?page_id=32"},"modified":"2023-09-08T07:52:40","modified_gmt":"2023-09-08T05:52:40","slug":"hazte-socio","status":"publish","type":"page","link":"https:\/\/santacruzcf.es\/?page_id=32","title":{"rendered":"Hazte Socio!"},"content":{"rendered":"<p>Ahora puedes formalizar tu alta como nuevo socio cubriendo un peque\u00f1o formulario online o bien en pdf y entreg\u00e1ndolo al club en persona.<br \/>\n\u00a1Colabora con tu equipo!<\/p>\n<p><strong>Formularios en pdf:<\/strong><\/p>\n<ul>\n<li>Alta de socio para empresas<strong> [ <a href=\"https:\/\/santacruzcf.es\/wp-content\/uploads\/2022\/09\/A4_alta-empresa-SantaCruzCF.pdf\" target=\"_blank\" rel=\"noopener\">descargar<\/a> ]<\/strong><\/li>\n<li>Alta de socio para personas <strong>[ <a href=\"https:\/\/santacruzcf.es\/wp-content\/uploads\/2018\/08\/A4_alta_personal.pdf\" target=\"_blank\" rel=\"noopener\">descargar<\/a> ]<\/strong><\/li>\n<li>Alta de socio familiar\u00a0<strong>[ <a href=\"https:\/\/santacruzcf.es\/wp-content\/uploads\/2016\/07\/A4_ficha_alta_familiar_v2.pdf\" target=\"_blank\" rel=\"noopener\">descargar<\/a> ]<\/strong><\/li>\n<\/ul>\n<p>Carnets de socio <strong>a dos caras en PVC<\/strong> (formato VISA de un dise\u00f1o de una temporada pasada)<\/p>\n<p><img loading=\"lazy\" decoding=\"async\" src=\"https:\/\/santacruzcf.es\/wp-content\/uploads\/2018\/08\/CarnetSocioSantaCruz2018_A.jpg\" alt=\"\" width=\"360\" height=\"226\" \/><br \/>\n<img loading=\"lazy\" decoding=\"async\" src=\"https:\/\/santacruzcf.es\/wp-content\/uploads\/2012\/09\/CarnetSocioSantaCruz2017_B.jpg\" alt=\"\" width=\"360\" height=\"226\" \/><\/p>\n\n<div class=\"wpcf7 no-js\" id=\"wpcf7-f46-o1\" lang=\"en-US\" dir=\"ltr\">\n<div class=\"screen-reader-response\"><p role=\"status\" aria-live=\"polite\" aria-atomic=\"true\"><\/p> <ul><\/ul><\/div>\n<form action=\"\/index.php?rest_route=%2Fwp%2Fv2%2Fpages%2F32#wpcf7-f46-o1\" method=\"post\" class=\"wpcf7-form init\" aria-label=\"Contact form\" novalidate=\"novalidate\" data-status=\"init\">\n<div style=\"display: none;\">\n<input type=\"hidden\" name=\"_wpcf7\" value=\"46\" \/>\n<input type=\"hidden\" name=\"_wpcf7_version\" value=\"5.9.8\" \/>\n<input type=\"hidden\" name=\"_wpcf7_locale\" value=\"en_US\" \/>\n<input type=\"hidden\" name=\"_wpcf7_unit_tag\" value=\"wpcf7-f46-o1\" \/>\n<input type=\"hidden\" name=\"_wpcf7_container_post\" value=\"0\" \/>\n<input type=\"hidden\" name=\"_wpcf7_posted_data_hash\" value=\"\" \/>\n<input type=\"hidden\" name=\"_wpcf7_recaptcha_response\" value=\"\" \/>\n<\/div>\n<p>Nombre: <span class=\"wpcf7-form-control-wrap\" data-name=\"your-name\"><input size=\"40\" maxlength=\"400\" class=\"wpcf7-form-control wpcf7-text wpcf7-validates-as-required\" aria-required=\"true\" aria-invalid=\"false\" value=\"\" type=\"text\" name=\"your-name\" \/><\/span>\n<\/p>\n<p>Apellidos: <span class=\"wpcf7-form-control-wrap\" data-name=\"apellidos\"><input size=\"40\" maxlength=\"400\" class=\"wpcf7-form-control wpcf7-text wpcf7-validates-as-required\" aria-required=\"true\" aria-invalid=\"false\" value=\"\" type=\"text\" name=\"apellidos\" \/><\/span>\n<\/p>\n<p>Direcci\u00f3n: <span class=\"wpcf7-form-control-wrap\" data-name=\"direccion\"><input size=\"40\" maxlength=\"400\" class=\"wpcf7-form-control wpcf7-text wpcf7-validates-as-required\" aria-required=\"true\" aria-invalid=\"false\" value=\"\" type=\"text\" name=\"direccion\" \/><\/span>\n<\/p>\n<p>Tel\u00e9fono: <span class=\"wpcf7-form-control-wrap\" data-name=\"telefono\"><input size=\"40\" maxlength=\"400\" class=\"wpcf7-form-control wpcf7-text wpcf7-validates-as-required\" aria-required=\"true\" aria-invalid=\"false\" value=\"\" type=\"text\" name=\"telefono\" \/><\/span>\n<\/p>\n<p>DNI: <span class=\"wpcf7-form-control-wrap\" data-name=\"dni\"><input size=\"40\" maxlength=\"400\" class=\"wpcf7-form-control wpcf7-text wpcf7-validates-as-required\" aria-required=\"true\" aria-invalid=\"false\" value=\"\" type=\"text\" name=\"dni\" \/><\/span>\n<\/p>\n<p>Email: <span class=\"wpcf7-form-control-wrap\" data-name=\"your-email\"><input size=\"40\" maxlength=\"400\" class=\"wpcf7-form-control wpcf7-email wpcf7-validates-as-required wpcf7-text wpcf7-validates-as-email\" aria-required=\"true\" aria-invalid=\"false\" value=\"\" type=\"email\" name=\"your-email\" \/><\/span>\n<\/p>\n<p><B>DATOS BANCARIOS<br \/>\n<\/b>\n<\/p>\n<p>Entidad: <span class=\"wpcf7-form-control-wrap\" data-name=\"entidad\"><input size=\"40\" maxlength=\"400\" class=\"wpcf7-form-control wpcf7-text wpcf7-validates-as-required\" aria-required=\"true\" aria-invalid=\"false\" value=\"\" type=\"text\" name=\"entidad\" \/><\/span>\n<\/p>\n<p>N\u00ba Cuenta: <span class=\"wpcf7-form-control-wrap\" data-name=\"cuenta\"><input size=\"40\" maxlength=\"400\" class=\"wpcf7-form-control wpcf7-text wpcf7-validates-as-required\" aria-required=\"true\" aria-invalid=\"false\" value=\"\" type=\"text\" name=\"cuenta\" \/><\/span>\n<\/p>\n<p><br \/>\n<span><span class=\"wpcf7-form-control-wrap\" data-name=\"acceptance-279\"><span class=\"wpcf7-form-control wpcf7-acceptance\"><span class=\"wpcf7-list-item\"><input type=\"checkbox\" name=\"acceptance-279\" value=\"1\" aria-invalid=\"false\" \/><\/span><\/span><\/span> He le\u00eddo y acepto el <a target=\"_blank\" rel=\"nofollow noopener noreferrer\" href=\"http:\/\/santacruzcf.es\/?page_id=3594\">Aviso Legal<\/a> y la <a target=\"_blank\" rel=\"nofollow noopener noreferrer\" href=\"http:\/\/santacruzcf.es\/?page_id=3596\">Pol\u00edtica de Privacidad<\/a>.<\/span><br \/>\n<input class=\"wpcf7-form-control wpcf7-submit has-spinner\" type=\"submit\" value=\"Enviar\" \/>\n<\/p><div class=\"wpcf7-response-output\" aria-hidden=\"true\"><\/div>\n<\/form>\n<\/div>\n\n<p><strong>Condiciones:<\/strong><br \/>\n1. Duraci\u00f3n: Anual<br \/>\n2. Cuota social: Por s\u00f3lo 20\u00a0euros al a\u00f1o, o 50\u20ac toda la familia (s\u00f3lo incluidos dos padres y sus\u00a0hijos).<br \/>\n3. Forma de pago: Domiciliaci\u00f3n bancaria o efectivo (Tr\u00e1mite por internet solo admite domiciliaci\u00f3n).<br \/>\n4. Se enviar\u00e1 el carnet de socio al domicilio especificado.<\/p>\n","protected":false},"excerpt":{"rendered":"<p>Ahora puedes formalizar tu alta como nuevo socio cubriendo un peque\u00f1o formulario online o bien en pdf y entreg\u00e1ndolo al [&hellip;]<\/p>\n","protected":false},"author":1,"featured_media":0,"parent":0,"menu_order":0,"comment_status":"closed","ping_status":"closed","template":"","meta":{"footnotes":""},"_links":{"self":[{"href":"https:\/\/santacruzcf.es\/index.php?rest_route=\/wp\/v2\/pages\/32"}],"collection":[{"href":"https:\/\/santacruzcf.es\/index.php?rest_route=\/wp\/v2\/pages"}],"about":[{"href":"https:\/\/santacruzcf.es\/index.php?rest_route=\/wp\/v2\/types\/page"}],"author":[{"embeddable":true,"href":"https:\/\/santacruzcf.es\/index.php?rest_route=\/wp\/v2\/users\/1"}],"replies":[{"embeddable":true,"href":"https:\/\/santacruzcf.es\/index.php?rest_route=%2Fwp%2Fv2%2Fcomments&post=32"}],"version-history":[{"count":53,"href":"https:\/\/santacruzcf.es\/index.php?rest_route=\/wp\/v2\/pages\/32\/revisions"}],"predecessor-version":[{"id":4156,"href":"https:\/\/santacruzcf.es\/index.php?rest_route=\/wp\/v2\/pages\/32\/revisions\/4156"}],"wp:attachment":[{"href":"https:\/\/santacruzcf.es\/index.php?rest_route=%2Fwp%2Fv2%2Fmedia&parent=32"}],"curies":[{"name":"wp","href":"https:\/\/api.w.org\/{rel}","templated":true}]}}