{"id":3444,"date":"2018-08-23T11:15:24","date_gmt":"2018-08-23T09:15:24","guid":{"rendered":"http:\/\/santacruzcf.es\/?page_id=3444"},"modified":"2018-08-23T11:36:11","modified_gmt":"2018-08-23T09:36:11","slug":"mision","status":"publish","type":"page","link":"https:\/\/santacruzcf.es\/?page_id=3444","title":{"rendered":"Misi\u00f3n"},"content":{"rendered":"<h3>\u00bfCu\u00e1l es nuestra labor o actividad?<\/h3>\n<p>Contribuir a la formaci\u00f3n deportiva de nuestros j\u00f3venes, inculcando unos valores que les sirvan para ser\u00a0<strong>MEJORES\u00a0PERSONAS<\/strong> y sepan afrontar mejor los retos que les depare la vida,\u00a0fomentando as\u00ed el buen uso del tiempo libre, y mejorando su calidad de vida.<\/p>\n<h3>\u00bfQu\u00e9 nos diferencia de otros equipos?<\/h3>\n<p>Nos diferenciamos de otros equipos, en que nuestro objetivo\u00a0principal es <strong>que los ni\u00f1os DISFRUTEN<\/strong>\u00a0realizando su deporte favorito, y sobretodo <strong>que sean FELICES<\/strong>\u00a0evitando cualquier tipo de\u00a0<strong>PRESI\u00d3N<\/strong> por ganar.<\/p>\n<p><a href=\"https:\/\/santacruzcf.es\/wp-content\/uploads\/2018\/08\/MisionSanta1.jpg\"><img loading=\"lazy\" decoding=\"async\" class=\"aligncenter size-full wp-image-3447\" src=\"https:\/\/santacruzcf.es\/wp-content\/uploads\/2018\/08\/MisionSanta1.jpg\" alt=\"Misi\u00f3n\" width=\"918\" height=\"390\" srcset=\"https:\/\/santacruzcf.es\/wp-content\/uploads\/2018\/08\/MisionSanta1.jpg 918w, https:\/\/santacruzcf.es\/wp-content\/uploads\/2018\/08\/MisionSanta1-300x127.jpg 300w, https:\/\/santacruzcf.es\/wp-content\/uploads\/2018\/08\/MisionSanta1-768x326.jpg 768w\" sizes=\"(max-width: 918px) 100vw, 918px\" \/><\/a><\/p>\n<blockquote><p>\u201cRepresentar, transmitir y contagiar los valores del club.<\/p><\/blockquote>\n<h3>\u00bfObjetivo?<\/h3>\n<p>Ense\u00f1arles que su <b>META\u00a0<\/b>ser\u00e1 <b>SIEMPRE<\/b> hacer las cosas lo <b>MEJOR QUE PUEDAN.\u00a0<\/b>Si eso implica realizarlas mejor que otras personas o de c\u00f3mo lo hizo anteriormente, <strong>GENIAL<\/strong>!!<\/p>\n<h3>\u00bfNuestra filosof\u00eda?<\/h3>\n<ul>\n<li>Inculcar una\u00a0<strong>COMPETITIVIDAD SANA<\/strong> consigo mismo a la hora de portarse bien<\/li>\n<li>Mostrar un\u00a0<strong>EXCELENTE COMPORTAMIENTO<\/strong> respetando siempre a tod@s<\/li>\n<li>Un buen comportamiento ser\u00e1\u00a0<strong>PREMIADO<\/strong>\u00a0por el entrenador<\/li>\n<li>Debe aprender a\u00a0<strong>NO COMPARARSE <\/strong>con sus compa\u00f1er@s<\/li>\n<\/ul>\n","protected":false},"excerpt":{"rendered":"<p>\u00bfCu\u00e1l es nuestra labor o actividad? Contribuir a la formaci\u00f3n deportiva de nuestros j\u00f3venes, inculcando unos valores que les sirvan [&hellip;]<\/p>\n","protected":false},"author":1,"featured_media":0,"parent":0,"menu_order":0,"comment_status":"closed","ping_status":"closed","template":"","meta":{"footnotes":""},"_links":{"self":[{"href":"https:\/\/santacruzcf.es\/index.php?rest_route=\/wp\/v2\/pages\/3444"}],"collection":[{"href":"https:\/\/santacruzcf.es\/index.php?rest_route=\/wp\/v2\/pages"}],"about":[{"href":"https:\/\/santacruzcf.es\/index.php?rest_route=\/wp\/v2\/types\/page"}],"author":[{"embeddable":true,"href":"https:\/\/santacruzcf.es\/index.php?rest_route=\/wp\/v2\/users\/1"}],"replies":[{"embeddable":true,"href":"https:\/\/santacruzcf.es\/index.php?rest_route=%2Fwp%2Fv2%2Fcomments&post=3444"}],"version-history":[{"count":6,"href":"https:\/\/santacruzcf.es\/index.php?rest_route=\/wp\/v2\/pages\/3444\/revisions"}],"predecessor-version":[{"id":3453,"href":"https:\/\/santacruzcf.es\/index.php?rest_route=\/wp\/v2\/pages\/3444\/revisions\/3453"}],"wp:attachment":[{"href":"https:\/\/santacruzcf.es\/index.php?rest_route=%2Fwp%2Fv2%2Fmedia&parent=3444"}],"curies":[{"name":"wp","href":"https:\/\/api.w.org\/{rel}","templated":true}]}}