{"id":3449,"date":"2018-08-23T11:48:35","date_gmt":"2018-08-23T09:48:35","guid":{"rendered":"http:\/\/santacruzcf.es\/?page_id=3449"},"modified":"2018-08-23T11:48:35","modified_gmt":"2018-08-23T09:48:35","slug":"vision","status":"publish","type":"page","link":"https:\/\/santacruzcf.es\/?page_id=3449","title":{"rendered":"Visi\u00f3n"},"content":{"rendered":"<h3>\u00bfQu\u00e9 queremos lograr?<\/h3>\n<p>Queremos formar a j\u00f3venes alegres y responsables, d\u00e1ndoles respeto y cari\u00f1o, ya que trabajamos en un ambiente donde el\u00a0<strong>CONCEPTO FAMILIA<\/strong> es muy importante.<\/p>\n<h3>\u00bfPara qu\u00e9?<\/h3>\n<p>Para crear y mantener distintas categor\u00edas de jugadores, generando un equipo de monitores y entrenadores que transmitan los <strong>CONOCIMIENTOS T\u00c9CNICOS<\/strong>\u00a0y <strong>VALORES APROPIADOS<\/strong>.<\/p>\n<p><a href=\"https:\/\/santacruzcf.es\/wp-content\/uploads\/2018\/08\/MisionSanta3.jpg\"><img loading=\"lazy\" decoding=\"async\" class=\"aligncenter size-full wp-image-3454\" src=\"https:\/\/santacruzcf.es\/wp-content\/uploads\/2018\/08\/MisionSanta3.jpg\" alt=\"Visi\u00f3n\" width=\"918\" height=\"390\" srcset=\"https:\/\/santacruzcf.es\/wp-content\/uploads\/2018\/08\/MisionSanta3.jpg 918w, https:\/\/santacruzcf.es\/wp-content\/uploads\/2018\/08\/MisionSanta3-300x127.jpg 300w, https:\/\/santacruzcf.es\/wp-content\/uploads\/2018\/08\/MisionSanta3-768x326.jpg 768w\" sizes=\"(max-width: 918px) 100vw, 918px\" \/><\/a><\/p>\n<h3>\u00bfD\u00f3nde queremos estar en el futuro?<\/h3>\n<ul>\n<li>A corto plazo nos encantar\u00eda llevar a cabo un proyecto donde aparte de los conocimientos deportivos, tambi\u00e9n pudiera recibir formaci\u00f3n de <strong>PRIMEROS AUXILIOS\u00a0Y DESA<\/strong>\u00a0todo equipo humano perteneciente al club, de tal modo que en cualquier terreno de juego siempre haya un t\u00e9cnico disponible en caso de accidente deportivo<\/li>\n<li>Dotar a cada categor\u00eda de un\u00a0<strong>BOTIQU\u00cdN ADECUADO<\/strong> a su rango de edad y uno completo para la instalaci\u00f3n<\/li>\n<li>Adquirir un <strong>DESA<\/strong><\/li>\n<li>Disponer de <strong>CONVENIOS<\/strong>\u00a0<strong>DE\u00a0COLABORACI\u00d3N <\/strong>que beneficien tanto a\u00a0nuestros socios\u00a0como a los\u00a0negocios locales<\/li>\n<\/ul>\n","protected":false},"excerpt":{"rendered":"<p>\u00bfQu\u00e9 queremos lograr? Queremos formar a j\u00f3venes alegres y responsables, d\u00e1ndoles respeto y cari\u00f1o, ya que trabajamos en un ambiente [&hellip;]<\/p>\n","protected":false},"author":1,"featured_media":0,"parent":0,"menu_order":0,"comment_status":"closed","ping_status":"closed","template":"","meta":{"footnotes":""},"_links":{"self":[{"href":"https:\/\/santacruzcf.es\/index.php?rest_route=\/wp\/v2\/pages\/3449"}],"collection":[{"href":"https:\/\/santacruzcf.es\/index.php?rest_route=\/wp\/v2\/pages"}],"about":[{"href":"https:\/\/santacruzcf.es\/index.php?rest_route=\/wp\/v2\/types\/page"}],"author":[{"embeddable":true,"href":"https:\/\/santacruzcf.es\/index.php?rest_route=\/wp\/v2\/users\/1"}],"replies":[{"embeddable":true,"href":"https:\/\/santacruzcf.es\/index.php?rest_route=%2Fwp%2Fv2%2Fcomments&post=3449"}],"version-history":[{"count":2,"href":"https:\/\/santacruzcf.es\/index.php?rest_route=\/wp\/v2\/pages\/3449\/revisions"}],"predecessor-version":[{"id":3456,"href":"https:\/\/santacruzcf.es\/index.php?rest_route=\/wp\/v2\/pages\/3449\/revisions\/3456"}],"wp:attachment":[{"href":"https:\/\/santacruzcf.es\/index.php?rest_route=%2Fwp%2Fv2%2Fmedia&parent=3449"}],"curies":[{"name":"wp","href":"https:\/\/api.w.org\/{rel}","templated":true}]}}