{"id":348,"date":"2012-10-31T15:30:05","date_gmt":"2012-10-31T14:30:05","guid":{"rendered":"http:\/\/santacruzcf.es\/?page_id=348"},"modified":"2018-08-23T16:07:23","modified_gmt":"2018-08-23T14:07:23","slug":"nuestras-instalaciones","status":"publish","type":"page","link":"https:\/\/santacruzcf.es\/?page_id=348","title":{"rendered":"Nuestras Instalaciones"},"content":{"rendered":"<p><strong>\u00bfC\u00f3mo llegar al campo?<\/strong><br \/>\nLocalizaci\u00f3n: Avenida de Isaac D\u00edaz Pardo Os Regos, S\/N, 15179 (Oleiros) A Coru\u00f1a<br \/>\nCoordenadas Campo de F\u00fatbol: 43.33545966234502,-8.333942592144012<br \/>\nGoogle Maps: [<a class=\"LinkTexto\" title=\"Enlace entrada al campo\" href=\"http:\/\/goo.gl\/maps\/9xBIm\" target=\"_blank\">entrada al campo<\/a>]<\/p>\n<p><iframe loading=\"lazy\" src=\"https:\/\/www.google.com\/maps\/embed?pb=!1m18!1m12!1m3!1d2902.0052846794547!2d-8.335607384512555!3d43.33507847913347!2m3!1f0!2f0!3f0!3m2!1i1024!2i768!4f13.1!3m3!1m2!1s0xd2e7acae00bd04d%3A0x1cb8031a40bd2f6e!2sCampo+de+F%C3%BAtbol+de+Os+Regos%2C+Oleiros%2C+A+Coru%C3%B1a!5e0!3m2!1ses!2ses!4v1535033183448\" width=\"400\" height=\"300\" frameborder=\"0\" style=\"border:0\" allowfullscreen><\/iframe><\/p>\n<p><strong>Campo de F\u00fatbol Municipal Leonardo Maceira<\/strong>:<\/p>\n<p><img loading=\"lazy\" decoding=\"async\" title=\"Vestuario Santa Cruz C.F.\" src=\"https:\/\/santacruzcf.es\/wp-content\/uploads\/2012\/10\/campo.jpg\" alt=\"\" width=\"800\" height=\"250\" \/><\/p>\n<p><strong>Vestuario<\/strong>:<br \/>\n<img loading=\"lazy\" decoding=\"async\" title=\"Vestuario Santa Cruz C.F.\" src=\"https:\/\/santacruzcf.es\/wp-content\/uploads\/2012\/10\/panoramica_vestuarios.jpg\" alt=\"\" width=\"800\" height=\"173\" \/><\/p>\n","protected":false},"excerpt":{"rendered":"<p>\u00bfC\u00f3mo llegar al campo? Localizaci\u00f3n: Avenida de Isaac D\u00edaz Pardo Os Regos, S\/N, 15179 (Oleiros) A Coru\u00f1a Coordenadas Campo de [&hellip;]<\/p>\n","protected":false},"author":1,"featured_media":0,"parent":0,"menu_order":0,"comment_status":"closed","ping_status":"closed","template":"","meta":{"footnotes":""},"_links":{"self":[{"href":"https:\/\/santacruzcf.es\/index.php?rest_route=\/wp\/v2\/pages\/348"}],"collection":[{"href":"https:\/\/santacruzcf.es\/index.php?rest_route=\/wp\/v2\/pages"}],"about":[{"href":"https:\/\/santacruzcf.es\/index.php?rest_route=\/wp\/v2\/types\/page"}],"author":[{"embeddable":true,"href":"https:\/\/santacruzcf.es\/index.php?rest_route=\/wp\/v2\/users\/1"}],"replies":[{"embeddable":true,"href":"https:\/\/santacruzcf.es\/index.php?rest_route=%2Fwp%2Fv2%2Fcomments&post=348"}],"version-history":[{"count":23,"href":"https:\/\/santacruzcf.es\/index.php?rest_route=\/wp\/v2\/pages\/348\/revisions"}],"predecessor-version":[{"id":3517,"href":"https:\/\/santacruzcf.es\/index.php?rest_route=\/wp\/v2\/pages\/348\/revisions\/3517"}],"wp:attachment":[{"href":"https:\/\/santacruzcf.es\/index.php?rest_route=%2Fwp%2Fv2%2Fmedia&parent=348"}],"curies":[{"name":"wp","href":"https:\/\/api.w.org\/{rel}","templated":true}]}}