{"id":3594,"date":"2018-08-28T15:59:23","date_gmt":"2018-08-28T13:59:23","guid":{"rendered":"http:\/\/santacruzcf.es\/?page_id=3594"},"modified":"2024-08-07T11:05:29","modified_gmt":"2024-08-07T09:05:29","slug":"avisos-legales","status":"publish","type":"page","link":"https:\/\/santacruzcf.es\/?page_id=3594","title":{"rendered":"Aviso Legal"},"content":{"rendered":"<p>El presente Aviso Legal regula las condiciones generales de acceso y utilizaci\u00f3n del sitio web accesible en la direcci\u00f3n URL www.santacruzcf.es, que Santa Cruz C.F. pone a disposici\u00f3n de los usuarios de Internet.<\/p>\n<div id=\"clickdatos\">\n<p>La utilizaci\u00f3n del sitio web implica la aceptaci\u00f3n plena y sin reservas de todas y cada una de las disposiciones incluidas en este Aviso Legal. En consecuencia, el usuario del sitio web debe leer atentamente el presente Aviso Legal en cada una de las ocasiones en que se proponga utilizar la web, ya que el texto podr\u00eda sufrir modificaciones a criterio del titular de la web, o a causa de un cambio legislativo, jurisprudencial o en la pr\u00e1ctica empresarial.<\/p>\n<h2>1.- TITULARIDAD DEL SITIO WEB.<\/h2>\n<p><strong>Santa Cruz Club de F\u00fatbol<\/strong><br \/>\nDomicilio: Calle Castelao 13, 15179 &#8211; Santa Cruz, Oleiros &#8211; A Coru\u00f1a (Espa\u00f1a)<br \/>\nC.I.F: G15380082<br \/>\nTel\u00e9fono de contacto: 696986574<br \/>\nCorreo electr\u00f3nico: info@santacruzcf.es<\/p>\n<h2>2.- OBJETO.<\/h2>\n<p>El sitio web facilita a los usuarios del mismo el acceso a informaci\u00f3n y servicios prestados por Santa Cruz C.F. a aquellas personas u organizaciones interesadas en los mismos.<\/p>\n<h2>3.- ACCESO Y UTILIZACI\u00d3N DE LA WEB.<\/h2>\n<p>3.1.- Car\u00e1cter gratuito del acceso y utilizaci\u00f3n de la web.<br \/>\nEl acceso a la web tiene car\u00e1cter gratuito para los usuarios de la misma.<br \/>\n3.2.- Registro de usuarios.<br \/>\nCon car\u00e1cter general el acceso y utilizaci\u00f3n de la web no exige la previa suscripci\u00f3n o registro de los usuarios de la misma.<\/p>\n<h2>4.- CONTENIDOS DE LA WEB.<\/h2>\n<p>El idioma utilizado por el titular en la web ser\u00e1 el castellano. Santa Cruz C.F. no se responsabiliza de la no comprensi\u00f3n o entendimiento del idioma de la web por el usuario, ni de sus consecuencias.<br \/>\nSanta Cruz C.F. podr\u00e1 modificar los contenidos sin previo aviso, as\u00ed como suprimir y cambiar \u00e9stos dentro de la web, como la forma en que se accede a \u00e9stos, sin justificaci\u00f3n alguna y libremente, no responsabiliz\u00e1ndose de las consecuencias que los mismos puedan ocasionar a los usuarios.<br \/>\nSe proh\u00edbe el uso de los contenidos de la web para promocionar, contratar o divulgar publicidad o informaci\u00f3n propia o de terceras personas sin la autorizaci\u00f3n de Santa Cruz C.F., ni remitir publicidad o informaci\u00f3n vali\u00e9ndose para ello de los servicios o informaci\u00f3n que se ponen a disposici\u00f3n de los usuarios, independientemente de si la utilizaci\u00f3n es gratuita o no.<br \/>\nLos enlaces o hiperenlaces que incorporen terceros en sus p\u00e1ginas web, dirigidos a esta web, ser\u00e1n para la apertura de la p\u00e1gina web completa, no pudiendo manifestar, directa o indirectamente, indicaciones falsas, inexactas o confusas, ni incurrir en acciones desleales o il\u00edcitas en contra de Santa Cruz C.F.<\/p>\n<h2>5.- LIMITACI\u00d3N DE RESPONSABILIDAD.<\/h2>\n<p>Tanto el acceso a la web como el uso inconsentido que pueda efectuarse de la informaci\u00f3n contenida en la misma es de la exclusiva responsabilidad de quien lo realiza. Santa Cruz C.F. no responder\u00e1 de ninguna consecuencia, da\u00f1o o perjuicio que pudieran derivarse de dicho acceso o uso. Santa Cruz C.F. no se hace responsable de los errores de seguridad, que se puedan producir ni de los da\u00f1os que puedan causarse al sistema inform\u00e1tico del usuario (hardware y software), o a los ficheros o documentos almacenados en el mismo, como consecuencia de:<br \/>\n\u2013 la presencia de un virus en el ordenador del usuario que sea utilizado para la conexi\u00f3n a los servicios y contenidos de la web,<br \/>\n\u2013 un mal funcionamiento del navegador,<br \/>\n\u2013 y\/o del uso de versiones no actualizadas del mismo.<br \/>\nSanta Cruz C.F. no se hace responsable de la fiabilidad y rapidez de los hiperenlaces que se incorporen en la web para la apertura de otras. Santa Cruz C.F. no garantiza la utilidad de estos enlaces, ni se responsabiliza de los contenidos o servicios a los que pueda acceder el usuario por medio de estos enlaces, ni del buen funcionamiento de estas webs.<br \/>\nSanta Cruz C.F. no ser\u00e1 responsable de los virus o dem\u00e1s programas inform\u00e1ticos que deterioren o puedan deteriorar los sistemas o equipos inform\u00e1ticos de los usuarios al acceder a su web u otras webs a las que se haya accedido mediante enlaces de esta web.<\/p>\n<h2>6.- EMPLEO DE LA TECNOLOG\u00edA \u201cCOOKIE\u00bb?.<\/h2>\n<p>La web no emplea cookies ni cualquier otro procedimiento invisible de recogida de informaci\u00f3n cuando el usuario navega por ella, respetando en todo momento la confidencialidad e intimidad del mismo.<br \/>\nLa web emplea cookies, puede consultar nuestra Pol\u00edtica de Cookies, que respeta en todo momento la confidencialidad e intimidad del mismo.<\/p>\n<h2>7.- PROPIEDAD INTELECTUAL E INDUSTRIAL.<\/h2>\n<p>Todos los contenidos que formen parte del presente portal web son propiedad de Santa Cruz C.F. o de terceros que han autorizado debidamente su inclusi\u00f3n en el mismo y que figuran como autores o titulares de los derechos.<\/p>\n<p>Los derechos de explotaci\u00f3n del portal web son titularidad de Santa Cruz C.F. La estructura, organizaci\u00f3n y codificaci\u00f3n del portal web constituyen valiosos secretos comerciales e informaci\u00f3n confidencial de Santa Cruz C.F. Con lo cual el usuario no podr\u00e1 copiarlas sin autorizaci\u00f3n expresa y por escrito de sus titulares.<\/p>\n<p>En ning\u00fan caso se entender\u00e1 que se concede licencia alguna o se efect\u00faa renuncia, transmisi\u00f3n, cesi\u00f3n total o parcial de dichos derechos, ni se confiere ning\u00fan derecho, y en especial, de explotaci\u00f3n, reproducci\u00f3n, distribuci\u00f3n, transformaci\u00f3n o comunicaci\u00f3n p\u00fablica sobre dichos contenidos sin la previa autorizaci\u00f3n expresa y por escrito de Santa Cruz C.F.<\/p>\n<p>Las marcas deber\u00e1n utilizarse de conformidad con los usos comerciales sobre marcas, incluida la menci\u00f3n del nombre del propietario de la marca.<\/p>\n<h2>\u00a08.- POL\u00cdTICA DE PRIVACIDAD Y PROTECCI\u00d3N DE DATOS<\/h2>\n<p>Santa Cruz C.F. garantiza la protecci\u00f3n y confidencialidad de los datos personales, de cualquier tipo que nos proporcionen nuestras empresas clientes de acuerdo con lo dispuesto en la Ley Org\u00e1nica 15\/1999, de 13 de Diciembre de Protecci\u00f3n de Datos de Car\u00e1cter Personal.<br \/>\nTodos los datos facilitados por nuestras empresas clientes a Santa Cruz C.F. o a su personal, ser\u00e1n incluidos en un fichero automatizado de datos de car\u00e1cter personal creado y mantenido bajo la responsabilidad de Santa Cruz C.F., imprescindibles para prestar los servicios solicitados por los usuarios.<br \/>\nLos datos facilitados ser\u00e1n tratados seg\u00fan el Reglamento de Medidas de Seguridad (Real Decreto 1720\/2007 de 21 de Diciembre), en este sentido Santa Cruz C.F. ha adoptado los niveles de protecci\u00f3n que legalmente se exigen, y ha instalado todas las medidas t\u00e9cnicas a su alcance para evitar la perdida, mal uso, alteraci\u00f3n, acceso no autorizado por terceros. No obstante, el usuario debe ser consciente de que las medidas de seguridad en Internet no son inexpugnables. En caso en que considere oportuno que se cedan sus datos de car\u00e1cter personal a otras entidades, el usuario ser\u00e1 informado de los datos cedidos, de la finalidad del fichero y del nombre y direcci\u00f3n del cesionario, para que de su consentimiento inequ\u00edvoco al respecto.<br \/>\nEn cumplimiento de lo establecido en la RGPD, el usuario podr\u00e1 ejercer sus derechos de acceso, rectificaci\u00f3n, cancelaci\u00f3n y oposici\u00f3n.<\/p>\n<p>Para ello debe de contactar con nosotros en: <strong>info@santacruzcf.es<\/strong><\/p>\n<h2>9.- LEGISLACI\u00d3N APLICABLE Y JURISDICCI\u00d3N COMPETENTE.<\/h2>\n<p>El presente Aviso Legal se interpretar\u00e1 y regir\u00e1 de conformidad con la legislaci\u00f3n espa\u00f1ola. Santa Cruz C.F. y los usuarios, con renuncia expresa a cualquier otro fuero que pudiera corresponderles, se someten al de los juzgados y tribunales del domicilio del usuario para cualquier controversia que pudiera derivarse del acceso o uso de la web. En el caso de que el usuario tenga su domicilio fuera de Espa\u00f1a, Santa Cruz C.F. y el usuario, se someten, con renuncia expresa a cualquier otro fuero, a los juzgados y tribunales del domicilio de Santa Cruz C.F.<\/p>\n<\/div>\n","protected":false},"excerpt":{"rendered":"<p>El presente Aviso Legal regula las condiciones generales de acceso y utilizaci\u00f3n del sitio web accesible en la direcci\u00f3n URL [&hellip;]<\/p>\n","protected":false},"author":1,"featured_media":0,"parent":0,"menu_order":0,"comment_status":"closed","ping_status":"closed","template":"","meta":{"footnotes":""},"_links":{"self":[{"href":"https:\/\/santacruzcf.es\/index.php?rest_route=\/wp\/v2\/pages\/3594"}],"collection":[{"href":"https:\/\/santacruzcf.es\/index.php?rest_route=\/wp\/v2\/pages"}],"about":[{"href":"https:\/\/santacruzcf.es\/index.php?rest_route=\/wp\/v2\/types\/page"}],"author":[{"embeddable":true,"href":"https:\/\/santacruzcf.es\/index.php?rest_route=\/wp\/v2\/users\/1"}],"replies":[{"embeddable":true,"href":"https:\/\/santacruzcf.es\/index.php?rest_route=%2Fwp%2Fv2%2Fcomments&post=3594"}],"version-history":[{"count":6,"href":"https:\/\/santacruzcf.es\/index.php?rest_route=\/wp\/v2\/pages\/3594\/revisions"}],"predecessor-version":[{"id":4532,"href":"https:\/\/santacruzcf.es\/index.php?rest_route=\/wp\/v2\/pages\/3594\/revisions\/4532"}],"wp:attachment":[{"href":"https:\/\/santacruzcf.es\/index.php?rest_route=%2Fwp%2Fv2%2Fmedia&parent=3594"}],"curies":[{"name":"wp","href":"https:\/\/api.w.org\/{rel}","templated":true}]}}