{"id":3746,"date":"2018-11-19T13:50:11","date_gmt":"2018-11-19T12:50:11","guid":{"rendered":"http:\/\/santacruzcf.es\/?page_id=3746"},"modified":"2024-06-07T09:43:48","modified_gmt":"2024-06-07T07:43:48","slug":"tienda-oficial-del-club","status":"publish","type":"page","link":"https:\/\/santacruzcf.es\/?page_id=3746","title":{"rendered":"Tienda Oficial del Club"},"content":{"rendered":"<div id=\"pl-3746\"  class=\"panel-layout\" ><div id=\"pg-3746-0\"  class=\"panel-grid panel-no-style\" ><div id=\"pgc-3746-0-0\"  class=\"panel-grid-cell\" ><div id=\"panel-3746-0-0-0\" class=\"so-panel widget widget_themegrill_flash_heading tg-widget section-title-wrapper panel-first-child panel-last-child\" data-index=\"0\" >\t<h3 class=\"section-title\">MERCHANDISING<\/h3>\n<\/div><\/div><\/div><div id=\"pg-3746-1\"  class=\"panel-grid panel-has-style\" ><div class=\"siteorigin-panels-stretch panel-row-style panel-row-style-for-3746-1\" data-stretch-type=\"full\" ><div id=\"pgc-3746-1-0\"  class=\"panel-grid-cell\" ><div id=\"panel-3746-1-0-0\" class=\"so-panel widget widget_text panel-first-child panel-last-child\" data-index=\"1\" ><div class=\"panel-widget-style panel-widget-style-for-3746-1-0-0\" >\t\t\t<div class=\"textwidget\"><h4><strong><span style=\"color: #ffffff;\">Camiseta \u00ab80 Aniversario\u00bb (2021)<\/span><\/strong><\/h4>\n<ul>\n<li><span style=\"color: #898989;\">Calidad: 150gr | 100% algod\u00f3n semi-peinado<\/span><\/li>\n<li><span style=\"color: #898989;\">Color: Negro Profundo<\/span><\/li>\n<li><span style=\"color: #898989;\">Tapacosturas reforzado en el cuello | Cuello de punto acanalado con elastano<\/span><\/li>\n<\/ul>\n<div style=\"text-align: center; color: white;\">AGOTADO<\/div>\n<\/div>\n\t\t<\/div><\/div><\/div><div id=\"pgc-3746-1-1\"  class=\"panel-grid-cell\" ><div id=\"panel-3746-1-1-0\" class=\"so-panel widget widget_media_image panel-first-child panel-last-child\" data-index=\"2\" ><img loading=\"lazy\" decoding=\"async\" width=\"590\" height=\"400\" src=\"https:\/\/santacruzcf.es\/wp-content\/uploads\/2021\/04\/camiseta80Aniversarioi.jpg\" class=\"image wp-image-4023  attachment-full size-full\" alt=\"camiseta 80 Aniversario\" style=\"max-width: 100%; height: auto;\" srcset=\"https:\/\/santacruzcf.es\/wp-content\/uploads\/2021\/04\/camiseta80Aniversarioi.jpg 590w, https:\/\/santacruzcf.es\/wp-content\/uploads\/2021\/04\/camiseta80Aniversarioi-300x203.jpg 300w\" sizes=\"(max-width: 590px) 100vw, 590px\" \/><\/div><\/div><\/div><\/div><div id=\"pg-3746-2\"  class=\"panel-grid panel-has-style\" ><div class=\"siteorigin-panels-stretch panel-row-style panel-row-style-for-3746-2\" data-stretch-type=\"full\" ><div id=\"pgc-3746-2-0\"  class=\"panel-grid-cell\" ><div id=\"panel-3746-2-0-0\" class=\"so-panel widget widget_media_image panel-first-child panel-last-child\" data-index=\"3\" ><img loading=\"lazy\" decoding=\"async\" width=\"590\" height=\"400\" src=\"https:\/\/santacruzcf.es\/wp-content\/uploads\/2019\/01\/sudaderaSantaCruz2019.jpg\" class=\"image wp-image-3794  attachment-full size-full\" alt=\"sudadera Santa Cruz 2019\" style=\"max-width: 100%; height: auto;\" srcset=\"https:\/\/santacruzcf.es\/wp-content\/uploads\/2019\/01\/sudaderaSantaCruz2019.jpg 590w, https:\/\/santacruzcf.es\/wp-content\/uploads\/2019\/01\/sudaderaSantaCruz2019-300x203.jpg 300w\" sizes=\"(max-width: 590px) 100vw, 590px\" \/><\/div><\/div><div id=\"pgc-3746-2-1\"  class=\"panel-grid-cell\" ><div id=\"panel-3746-2-1-0\" class=\"so-panel widget widget_text panel-first-child panel-last-child\" data-index=\"4\" ><div class=\"panel-widget-style panel-widget-style-for-3746-2-1-0\" >\t\t\t<div class=\"textwidget\"><h4><strong><span style=\"color: #ffffff;\">Sudadera \u201cSanta Cruz 1941\u201d (2019)<\/span><\/strong><\/h4>\n<ul>\n<li><span style=\"color: #898989;\">Calidad: 330gr | 100% algod\u00f3n<\/span><\/li>\n<li><span style=\"color: #898989;\">Color: Negro | Tallas: XL-L-M-S-11\/12-9\/10-7\/8<\/span><\/li>\n<li><span style=\"color: #898989;\">Capucha forrada, con cord\u00f3n | Bolsillo frontal tipo canguro | Corte tubular de estilo moderno | Mangas rangl\u00e1n con pu\u00f1os de canal\u00e9 estriados<\/span><\/li>\n<\/ul>\n<div style=\"text-align: center; color: white;\">AGOTADO<\/div>\n<\/div>\n\t\t<\/div><\/div><\/div><\/div><\/div><div id=\"pg-3746-3\"  class=\"panel-grid panel-has-style\" ><div class=\"siteorigin-panels-stretch panel-row-style panel-row-style-for-3746-3\" data-stretch-type=\"full\" ><div id=\"pgc-3746-3-0\"  class=\"panel-grid-cell\" ><div id=\"panel-3746-3-0-0\" class=\"so-panel widget widget_text panel-first-child panel-last-child\" data-index=\"5\" ><div class=\"panel-widget-style panel-widget-style-for-3746-3-0-0\" >\t\t\t<div class=\"textwidget\"><h4><strong><span style=\"color: #ffffff;\">Bolsa \u00abUn club una afici\u00f3n\u00bb (2018)<\/span><\/strong><\/h4>\n<ul>\n<li><span style=\"color: #898989;\">Calidad: 140gr | 100% algod\u00f3n | Medidas: 38x42cm<\/span><\/li>\n<li><span style=\"color: #898989;\">Asas largas de 70 cm aproximadamente<\/span><\/li>\n<li><span style=\"color: #898989;\">Puntos formando una cruz en la base de las asas para m\u00e1s estabilidad<\/span><\/li>\n<\/ul>\n<div style=\"text-align: center; color: white;\">AGOTADO<\/div>\n<\/div>\n\t\t<\/div><\/div><\/div><div id=\"pgc-3746-3-1\"  class=\"panel-grid-cell\" ><div id=\"panel-3746-3-1-0\" class=\"so-panel widget widget_media_image panel-first-child panel-last-child\" data-index=\"6\" ><img loading=\"lazy\" decoding=\"async\" width=\"590\" height=\"400\" src=\"https:\/\/santacruzcf.es\/wp-content\/uploads\/2018\/11\/bolsa2018.jpg\" class=\"image wp-image-3771  attachment-full size-full\" alt=\"Bolsa Un club una afici\u00f3n (2018)\" style=\"max-width: 100%; height: auto;\" srcset=\"https:\/\/santacruzcf.es\/wp-content\/uploads\/2018\/11\/bolsa2018.jpg 590w, https:\/\/santacruzcf.es\/wp-content\/uploads\/2018\/11\/bolsa2018-300x203.jpg 300w\" sizes=\"(max-width: 590px) 100vw, 590px\" \/><\/div><\/div><\/div><\/div><div id=\"pg-3746-4\"  class=\"panel-grid panel-has-style\" ><div class=\"siteorigin-panels-stretch panel-row-style panel-row-style-for-3746-4\" data-stretch-type=\"full\" ><div id=\"pgc-3746-4-0\"  class=\"panel-grid-cell\" ><div id=\"panel-3746-4-0-0\" class=\"so-panel widget widget_media_image panel-first-child panel-last-child\" data-index=\"7\" ><img loading=\"lazy\" decoding=\"async\" width=\"590\" height=\"400\" src=\"https:\/\/santacruzcf.es\/wp-content\/uploads\/2018\/11\/camiseta2014.jpg\" class=\"image wp-image-3777  attachment-full size-full\" alt=\"Camiseta &quot;Santa Conmigo&quot; (2014)\" style=\"max-width: 100%; height: auto;\" srcset=\"https:\/\/santacruzcf.es\/wp-content\/uploads\/2018\/11\/camiseta2014.jpg 590w, https:\/\/santacruzcf.es\/wp-content\/uploads\/2018\/11\/camiseta2014-300x203.jpg 300w\" sizes=\"(max-width: 590px) 100vw, 590px\" \/><\/div><\/div><div id=\"pgc-3746-4-1\"  class=\"panel-grid-cell\" ><div id=\"panel-3746-4-1-0\" class=\"so-panel widget widget_text panel-first-child panel-last-child\" data-index=\"8\" ><div class=\"panel-widget-style panel-widget-style-for-3746-4-1-0\" >\t\t\t<div class=\"textwidget\"><h4><strong><span style=\"color: #ffffff;\">Camiseta \u00abSanta Conmigo\u00bb (2014)<\/span><\/strong><\/h4>\n<ul>\n<li><span style=\"color: #898989;\">Calidad: 150gr | 100% algod\u00f3n semi-peinado<\/span><\/li>\n<li><span style=\"color: #898989;\">Color: Azul Royal, Fucsia, Negro Profundo, Rojo y Verde Pradera<\/span><\/li>\n<li><span style=\"color: #898989;\">Tapacosturas reforzado en el cuello | Cuello de punto acanalado con elastano<\/span><\/li>\n<\/ul>\n<div style=\"text-align: center; color: white;\">AGOTADO<\/div>\n<\/div>\n\t\t<\/div><\/div><\/div><\/div><\/div><div id=\"pg-3746-5\"  class=\"panel-grid panel-has-style\" ><div class=\"siteorigin-panels-stretch panel-row-style panel-row-style-for-3746-5\" data-stretch-type=\"full\" ><div id=\"pgc-3746-5-0\"  class=\"panel-grid-cell\" ><div id=\"panel-3746-5-0-0\" class=\"so-panel widget widget_text panel-first-child panel-last-child\" data-index=\"9\" ><div class=\"panel-widget-style panel-widget-style-for-3746-5-0-0\" >\t\t\t<div class=\"textwidget\"><h4><strong><span style=\"color: #ffffff;\">Camiseta \u00abSanta Cruz 1941\u00bb (2013)<\/span><\/strong><\/h4>\n<ul>\n<li><span style=\"color: #898989;\">Calidad: 150gr | 100% algod\u00f3n semi-peinado<\/span><\/li>\n<li><span style=\"color: #898989;\">Color: Azul Royal, Fucsia, Morado Oscuro, Negro Profundo, Rojo y Verde Pradera<\/span><\/li>\n<li><span style=\"color: #898989;\">Tapacosturas reforzado en el cuello | Cuello de punto acanalado con elastano<\/span><\/li>\n<\/ul>\n<div style=\"text-align: center; color: white;\">AGOTADO<\/div>\n<\/div>\n\t\t<\/div><\/div><\/div><div id=\"pgc-3746-5-1\"  class=\"panel-grid-cell\" ><div id=\"panel-3746-5-1-0\" class=\"so-panel widget widget_media_image panel-first-child panel-last-child\" data-index=\"10\" ><img loading=\"lazy\" decoding=\"async\" width=\"590\" height=\"400\" src=\"https:\/\/santacruzcf.es\/wp-content\/uploads\/2018\/11\/camiseta2013.jpg\" class=\"image wp-image-3776  attachment-full size-full\" alt=\"Camiseta &quot;Santa Cruz 1941&quot; (2013)\" style=\"max-width: 100%; height: auto;\" srcset=\"https:\/\/santacruzcf.es\/wp-content\/uploads\/2018\/11\/camiseta2013.jpg 590w, https:\/\/santacruzcf.es\/wp-content\/uploads\/2018\/11\/camiseta2013-300x203.jpg 300w\" sizes=\"(max-width: 590px) 100vw, 590px\" \/><\/div><\/div><\/div><\/div><\/div>","protected":false},"excerpt":{"rendered":"<p>Camiseta \u00ab80 Aniversario\u00bb (2021) Calidad: 150gr | 100% algod\u00f3n semi-peinado Color: Negro Profundo Tapacosturas reforzado en el cuello | Cuello [&hellip;]<\/p>\n","protected":false},"author":1,"featured_media":0,"parent":0,"menu_order":0,"comment_status":"closed","ping_status":"closed","template":"","meta":{"footnotes":""},"_links":{"self":[{"href":"https:\/\/santacruzcf.es\/index.php?rest_route=\/wp\/v2\/pages\/3746"}],"collection":[{"href":"https:\/\/santacruzcf.es\/index.php?rest_route=\/wp\/v2\/pages"}],"about":[{"href":"https:\/\/santacruzcf.es\/index.php?rest_route=\/wp\/v2\/types\/page"}],"author":[{"embeddable":true,"href":"https:\/\/santacruzcf.es\/index.php?rest_route=\/wp\/v2\/users\/1"}],"replies":[{"embeddable":true,"href":"https:\/\/santacruzcf.es\/index.php?rest_route=%2Fwp%2Fv2%2Fcomments&post=3746"}],"version-history":[{"count":31,"href":"https:\/\/santacruzcf.es\/index.php?rest_route=\/wp\/v2\/pages\/3746\/revisions"}],"predecessor-version":[{"id":4245,"href":"https:\/\/santacruzcf.es\/index.php?rest_route=\/wp\/v2\/pages\/3746\/revisions\/4245"}],"wp:attachment":[{"href":"https:\/\/santacruzcf.es\/index.php?rest_route=%2Fwp%2Fv2%2Fmedia&parent=3746"}],"curies":[{"name":"wp","href":"https:\/\/api.w.org\/{rel}","templated":true}]}}