{"id":3814,"date":"2019-03-31T12:01:08","date_gmt":"2019-03-31T10:01:08","guid":{"rendered":"http:\/\/santacruzcf.es\/?page_id=3814"},"modified":"2019-05-13T18:00:58","modified_gmt":"2019-05-13T16:00:58","slug":"formulario-contacto-campus-tecnificacion-santa-cruz-c-f","status":"publish","type":"page","link":"https:\/\/santacruzcf.es\/?page_id=3814","title":{"rendered":"Formulario Contacto Campus Tecnificaci\u00f3n Santa Cruz C.F."},"content":{"rendered":"<p>Formulario de inscripci\u00f3n al campus <strong>cerrado<\/strong>.<\/p>\n<p>Nos vemos para el pr\u00f3ximo a\u00f1o!<\/p>\n","protected":false},"excerpt":{"rendered":"<p>Formulario de inscripci\u00f3n al campus cerrado. Nos vemos para el pr\u00f3ximo a\u00f1o!<\/p>\n","protected":false},"author":1,"featured_media":0,"parent":0,"menu_order":0,"comment_status":"closed","ping_status":"closed","template":"page-templates\/full-width.php","meta":{"footnotes":""},"_links":{"self":[{"href":"https:\/\/santacruzcf.es\/index.php?rest_route=\/wp\/v2\/pages\/3814"}],"collection":[{"href":"https:\/\/santacruzcf.es\/index.php?rest_route=\/wp\/v2\/pages"}],"about":[{"href":"https:\/\/santacruzcf.es\/index.php?rest_route=\/wp\/v2\/types\/page"}],"author":[{"embeddable":true,"href":"https:\/\/santacruzcf.es\/index.php?rest_route=\/wp\/v2\/users\/1"}],"replies":[{"embeddable":true,"href":"https:\/\/santacruzcf.es\/index.php?rest_route=%2Fwp%2Fv2%2Fcomments&post=3814"}],"version-history":[{"count":3,"href":"https:\/\/santacruzcf.es\/index.php?rest_route=\/wp\/v2\/pages\/3814\/revisions"}],"predecessor-version":[{"id":3822,"href":"https:\/\/santacruzcf.es\/index.php?rest_route=\/wp\/v2\/pages\/3814\/revisions\/3822"}],"wp:attachment":[{"href":"https:\/\/santacruzcf.es\/index.php?rest_route=%2Fwp%2Fv2%2Fmedia&parent=3814"}],"curies":[{"name":"wp","href":"https:\/\/api.w.org\/{rel}","templated":true}]}}