{"id":4625,"date":"2024-12-11T15:10:24","date_gmt":"2024-12-11T14:10:24","guid":{"rendered":"https:\/\/santacruzcf.es\/?post_type=product&#038;p=4625"},"modified":"2024-12-11T15:44:46","modified_gmt":"2024-12-11T14:44:46","slug":"bufanda-sublimada-full-print-doble-cara","status":"publish","type":"product","link":"https:\/\/santacruzcf.es\/?product=bufanda-sublimada-full-print-doble-cara","title":{"rendered":"Bufanda Sublimada Full Print Doble Cara"},"content":{"rendered":"<p><span style=\"color: #b7224f;\"><strong>Importante:<\/strong><br \/>\nUna vez a\u00f1adas este producto al carrito y procedas a finalizar compra, ser\u00e1s redirigido a la p\u00e1gina de pago. All\u00ed ver\u00e1s un campo marcado en rojo que dice \u00abNombre ni\u00f1o\/a y fecha de nacimiento\u00bb. Este campo solo es necesario si est\u00e1s personalizando la botella, con lo cual puedes ingresar cualquier car\u00e1cter en dicho campo para poder continuar con la compra.<\/span><\/p>\n","protected":false},"excerpt":{"rendered":"<p>Bufanda sublimada Full Print, suave, ligera y duradera fabricada en tejido de microfibra de alta calidad y totalmente personalizada mediante sublimaci\u00f3n digital en ambas caras.<\/p>\n","protected":false},"featured_media":4626,"template":"","meta":[],"product_cat":[51],"product_tag":[],"_links":{"self":[{"href":"https:\/\/santacruzcf.es\/index.php?rest_route=\/wp\/v2\/product\/4625"}],"collection":[{"href":"https:\/\/santacruzcf.es\/index.php?rest_route=\/wp\/v2\/product"}],"about":[{"href":"https:\/\/santacruzcf.es\/index.php?rest_route=\/wp\/v2\/types\/product"}],"wp:featuredmedia":[{"embeddable":true,"href":"https:\/\/santacruzcf.es\/index.php?rest_route=\/wp\/v2\/media\/4626"}],"wp:attachment":[{"href":"https:\/\/santacruzcf.es\/index.php?rest_route=%2Fwp%2Fv2%2Fmedia&parent=4625"}],"wp:term":[{"taxonomy":"product_cat","embeddable":true,"href":"https:\/\/santacruzcf.es\/index.php?rest_route=%2Fwp%2Fv2%2Fproduct_cat&post=4625"},{"taxonomy":"product_tag","embeddable":true,"href":"https:\/\/santacruzcf.es\/index.php?rest_route=%2Fwp%2Fv2%2Fproduct_tag&post=4625"}],"curies":[{"name":"wp","href":"https:\/\/api.w.org\/{rel}","templated":true}]}}